{"id":1532,"date":"2013-04-29T16:28:09","date_gmt":"2013-04-29T14:28:09","guid":{"rendered":"http:\/\/leclosdesaspres.fr\/?page_id=1532"},"modified":"2025-07-29T22:29:34","modified_gmt":"2025-07-29T20:29:34","slug":"chambres-dhotes-de-charmes-proche-de-collioure","status":"publish","type":"page","link":"https:\/\/leclosdesaspres.fr\/de_DE\/chambres-dhotes-de-charmes-proche-de-collioure\/","title":{"rendered":"Zimmer"},"content":{"rendered":"<p>[vc_row][vc_column][vc_column_text]TITRE ALLEMAND[\/vc_column_text][vc_column_text]\t\t<div data-elementor-type=\"wp-post\" data-elementor-id=\"3066\" class=\"elementor elementor-3066\" data-elementor-post-type=\"ae_global_templates\">\n\t\t\t\t\t\t<section class=\"elementor-section elementor-top-section elementor-element elementor-element-348ab890 elementor-section-stretched elementor-section-boxed elementor-section-height-default elementor-section-height-default\" data-id=\"348ab890\" data-element_type=\"section\" data-settings=\"{&quot;stretch_section&quot;:&quot;section-stretched&quot;}\">\n\t\t\t\t\t\t<div class=\"elementor-container elementor-column-gap-default\">\n\t\t\t\t\t<div class=\"elementor-column elementor-col-33 elementor-top-column elementor-element elementor-element-79fbdd92\" data-id=\"79fbdd92\" data-element_type=\"column\">\n\t\t\t<div class=\"elementor-widget-wrap elementor-element-populated\">\n\t\t\t\t\t\t<div class=\"elementor-element elementor-element-7f27d197 elementor-widget elementor-widget-image\" data-id=\"7f27d197\" data-element_type=\"widget\" data-widget_type=\"image.default\">\n\t\t\t\t<div class=\"elementor-widget-container\">\n\t\t\t\t\t\t\t\t\t\t\t\t<figure class=\"wp-caption\">\n\t\t\t\t\t\t\t\t\t\t\t<a href=\"http:\/\/leclosdesaspres.fr\/?page_id=3211\">\n\t\t\t\t\t\t\t<img fetchpriority=\"high\" decoding=\"async\" width=\"740\" height=\"400\" src=\"https:\/\/leclosdesaspres.fr\/wp-content\/uploads\/2017\/06\/suite-familiale-les-Camamilles-bis-Clos-des-Aspres.jpg\" class=\"elementor-animation-float attachment-full size-full wp-image-2086\" alt=\"\" srcset=\"https:\/\/leclosdesaspres.fr\/wp-content\/uploads\/2017\/06\/suite-familiale-les-Camamilles-bis-Clos-des-Aspres.jpg 740w, https:\/\/leclosdesaspres.fr\/wp-content\/uploads\/2017\/06\/suite-familiale-les-Camamilles-bis-Clos-des-Aspres-300x162.jpg 300w, https:\/\/leclosdesaspres.fr\/wp-content\/uploads\/2017\/06\/elementor\/thumbs\/suite-familiale-les-Camamilles-bis-Clos-des-Aspres-nbq2k7r5z1c58k71nqh09jwos47fyfq70a7ky88228.jpg 400w\" sizes=\"(max-width: 740px) 100vw, 740px\" \/>\t\t\t\t\t\t\t\t<\/a>\n\t\t\t\t\t\t\t\t\t\t\t<figcaption class=\"widget-image-caption wp-caption-text\">LES CAMAMILLES<\/figcaption>\n\t\t\t\t\t\t\t\t\t\t<\/figure>\n\t\t\t\t\t\t\t\t\t<\/div>\n\t\t\t\t<\/div>\n\t\t\t\t\t<\/div>\n\t\t<\/div>\n\t\t\t\t<div class=\"elementor-column elementor-col-33 elementor-top-column elementor-element elementor-element-10242b91\" data-id=\"10242b91\" data-element_type=\"column\">\n\t\t\t<div class=\"elementor-widget-wrap elementor-element-populated\">\n\t\t\t\t\t\t<div class=\"elementor-element elementor-element-498e488f elementor-widget elementor-widget-image\" data-id=\"498e488f\" data-element_type=\"widget\" data-widget_type=\"image.default\">\n\t\t\t\t<div class=\"elementor-widget-container\">\n\t\t\t\t\t\t\t\t\t\t\t\t<figure class=\"wp-caption\">\n\t\t\t\t\t\t\t\t\t\t\t<a href=\"http:\/\/leclosdesaspres.fr\/?page_id=3201\">\n\t\t\t\t\t\t\t<img decoding=\"async\" width=\"740\" height=\"400\" src=\"https:\/\/leclosdesaspres.fr\/wp-content\/uploads\/2025\/01\/CHAMBRE-dhotes-Cote-cour-3-clos-des-aspres-740X400.jpg\" class=\"elementor-animation-float attachment-full size-full wp-image-4987\" alt=\"Chambre d&#039;h\u00f4tes de charme sud de la France Climatis\u00e9e jardin piscine\" srcset=\"https:\/\/leclosdesaspres.fr\/wp-content\/uploads\/2025\/01\/CHAMBRE-dhotes-Cote-cour-3-clos-des-aspres-740X400.jpg 740w, https:\/\/leclosdesaspres.fr\/wp-content\/uploads\/2025\/01\/CHAMBRE-dhotes-Cote-cour-3-clos-des-aspres-740X400-300x162.jpg 300w\" sizes=\"(max-width: 740px) 100vw, 740px\" \/>\t\t\t\t\t\t\t\t<\/a>\n\t\t\t\t\t\t\t\t\t\t\t<figcaption class=\"widget-image-caption wp-caption-text\">COT\u00c9 COUR<\/figcaption>\n\t\t\t\t\t\t\t\t\t\t<\/figure>\n\t\t\t\t\t\t\t\t\t<\/div>\n\t\t\t\t<\/div>\n\t\t\t\t\t<\/div>\n\t\t<\/div>\n\t\t\t\t<div class=\"elementor-column elementor-col-33 elementor-top-column elementor-element elementor-element-528636bd\" data-id=\"528636bd\" data-element_type=\"column\">\n\t\t\t<div class=\"elementor-widget-wrap elementor-element-populated\">\n\t\t\t\t\t\t<div class=\"elementor-element elementor-element-272f7ccc elementor-widget elementor-widget-image\" data-id=\"272f7ccc\" data-element_type=\"widget\" data-widget_type=\"image.default\">\n\t\t\t\t<div class=\"elementor-widget-container\">\n\t\t\t\t\t\t\t\t\t\t\t\t<figure class=\"wp-caption\">\n\t\t\t\t\t\t\t\t\t\t\t<a href=\"http:\/\/leclosdesaspres.fr\/?page_id=3215\">\n\t\t\t\t\t\t\t<img decoding=\"async\" width=\"740\" height=\"400\" src=\"https:\/\/leclosdesaspres.fr\/wp-content\/uploads\/2017\/10\/Olivi\u00e8re-Chambre-dh\u00f4tes-Clos-des-Aspre-740x400.jpg\" class=\"elementor-animation-float attachment-full size-full wp-image-2408\" alt=\"\" srcset=\"https:\/\/leclosdesaspres.fr\/wp-content\/uploads\/2017\/10\/Olivi\u00e8re-Chambre-dh\u00f4tes-Clos-des-Aspre-740x400.jpg 740w, https:\/\/leclosdesaspres.fr\/wp-content\/uploads\/2017\/10\/Olivi\u00e8re-Chambre-dh\u00f4tes-Clos-des-Aspre-740x400-300x162.jpg 300w, https:\/\/leclosdesaspres.fr\/wp-content\/uploads\/2017\/10\/elementor\/thumbs\/Olivi\u00e8re-Chambre-dh\u00f4tes-Clos-des-Aspre-740x400-nf9y3ps7a9sim3r5gcxpcsmw1eg71yf1r94m3mempc.jpg 400w\" sizes=\"(max-width: 740px) 100vw, 740px\" \/>\t\t\t\t\t\t\t\t<\/a>\n\t\t\t\t\t\t\t\t\t\t\t<figcaption class=\"widget-image-caption wp-caption-text\">L\u2019OLIVI\u00c8RE<\/figcaption>\n\t\t\t\t\t\t\t\t\t\t<\/figure>\n\t\t\t\t\t\t\t\t\t<\/div>\n\t\t\t\t<\/div>\n\t\t\t\t\t<\/div>\n\t\t<\/div>\n\t\t\t\t\t<\/div>\n\t\t<\/section>\n\t\t\t\t<section class=\"elementor-section elementor-top-section elementor-element elementor-element-3ca8219c elementor-section-stretched elementor-section-boxed elementor-section-height-default elementor-section-height-default\" data-id=\"3ca8219c\" data-element_type=\"section\" data-settings=\"{&quot;stretch_section&quot;:&quot;section-stretched&quot;}\">\n\t\t\t\t\t\t<div class=\"elementor-container elementor-column-gap-default\">\n\t\t\t\t\t<div class=\"elementor-column elementor-col-33 elementor-top-column elementor-element elementor-element-43da36a7\" data-id=\"43da36a7\" data-element_type=\"column\">\n\t\t\t<div class=\"elementor-widget-wrap elementor-element-populated\">\n\t\t\t\t\t\t<div class=\"elementor-element elementor-element-511aff85 elementor-widget elementor-widget-image\" data-id=\"511aff85\" data-element_type=\"widget\" data-widget_type=\"image.default\">\n\t\t\t\t<div class=\"elementor-widget-container\">\n\t\t\t\t\t\t\t\t\t\t\t\t<figure class=\"wp-caption\">\n\t\t\t\t\t\t\t\t\t\t\t<a href=\"http:\/\/leclosdesaspres.fr\/?page_id=3207\">\n\t\t\t\t\t\t\t<img loading=\"lazy\" decoding=\"async\" width=\"740\" height=\"400\" src=\"https:\/\/leclosdesaspres.fr\/wp-content\/uploads\/2018\/07\/Les-Alb\u00e8res-2-chambre-dh\u00f4tes-de-charme-Clos-des-Aspres.jpg\" class=\"elementor-animation-float attachment-full size-full wp-image-3466\" alt=\"\" srcset=\"https:\/\/leclosdesaspres.fr\/wp-content\/uploads\/2018\/07\/Les-Alb\u00e8res-2-chambre-dh\u00f4tes-de-charme-Clos-des-Aspres.jpg 740w, https:\/\/leclosdesaspres.fr\/wp-content\/uploads\/2018\/07\/Les-Alb\u00e8res-2-chambre-dh\u00f4tes-de-charme-Clos-des-Aspres-300x162.jpg 300w, https:\/\/leclosdesaspres.fr\/wp-content\/uploads\/2018\/07\/elementor\/thumbs\/Les-Alb\u00e8res-2-chambre-dh\u00f4tes-de-charme-Clos-des-Aspres-ntbkt8f782oxhjjq7beb9qz7coe6yi51gttthi8tbk.jpg 400w\" sizes=\"(max-width: 740px) 100vw, 740px\" \/>\t\t\t\t\t\t\t\t<\/a>\n\t\t\t\t\t\t\t\t\t\t\t<figcaption class=\"widget-image-caption wp-caption-text\">LES ALBERES<\/figcaption>\n\t\t\t\t\t\t\t\t\t\t<\/figure>\n\t\t\t\t\t\t\t\t\t<\/div>\n\t\t\t\t<\/div>\n\t\t\t\t\t<\/div>\n\t\t<\/div>\n\t\t\t\t<div class=\"elementor-column elementor-col-33 elementor-top-column elementor-element elementor-element-50e42f5c\" data-id=\"50e42f5c\" data-element_type=\"column\">\n\t\t\t<div class=\"elementor-widget-wrap elementor-element-populated\">\n\t\t\t\t\t\t<div class=\"elementor-element elementor-element-3fa88c60 elementor-widget elementor-widget-image\" data-id=\"3fa88c60\" data-element_type=\"widget\" data-widget_type=\"image.default\">\n\t\t\t\t<div class=\"elementor-widget-container\">\n\t\t\t\t\t\t\t\t\t\t\t\t<figure class=\"wp-caption\">\n\t\t\t\t\t\t\t\t\t\t\t<a href=\"http:\/\/leclosdesaspres.fr\/?page_id=3220\">\n\t\t\t\t\t\t\t<img loading=\"lazy\" decoding=\"async\" width=\"740\" height=\"400\" src=\"https:\/\/leclosdesaspres.fr\/wp-content\/uploads\/2018\/07\/chambre-dh\u00f4tes-Petit-Verdot-5-Clos-des-Aspres.jpg\" class=\"elementor-animation-float attachment-full size-full wp-image-3459\" alt=\"\" srcset=\"https:\/\/leclosdesaspres.fr\/wp-content\/uploads\/2018\/07\/chambre-dh\u00f4tes-Petit-Verdot-5-Clos-des-Aspres.jpg 740w, https:\/\/leclosdesaspres.fr\/wp-content\/uploads\/2018\/07\/chambre-dh\u00f4tes-Petit-Verdot-5-Clos-des-Aspres-300x162.jpg 300w, https:\/\/leclosdesaspres.fr\/wp-content\/uploads\/2018\/07\/elementor\/thumbs\/chambre-dh\u00f4tes-Petit-Verdot-5-Clos-des-Aspres-nszfta8ofou87l2yqlez15h1ib65cie2uwozoe5vg0.jpg 400w\" sizes=\"(max-width: 740px) 100vw, 740px\" \/>\t\t\t\t\t\t\t\t<\/a>\n\t\t\t\t\t\t\t\t\t\t\t<figcaption class=\"widget-image-caption wp-caption-text\">PETIT VERDOT<\/figcaption>\n\t\t\t\t\t\t\t\t\t\t<\/figure>\n\t\t\t\t\t\t\t\t\t<\/div>\n\t\t\t\t<\/div>\n\t\t\t\t\t<\/div>\n\t\t<\/div>\n\t\t\t\t<div class=\"elementor-column elementor-col-33 elementor-top-column elementor-element elementor-element-3168f2ed\" data-id=\"3168f2ed\" data-element_type=\"column\">\n\t\t\t<div class=\"elementor-widget-wrap\">\n\t\t\t\t\t\t\t<\/div>\n\t\t<\/div>\n\t\t\t\t\t<\/div>\n\t\t<\/section>\n\t\t\t\t<\/div>\n\t\t[\/vc_column_text][vc_separator color=\u00a0\u00bbcustom\u00a0\u00bb accent_color=\u00a0\u00bb#595959&Prime;][vc_column_text]<\/p>\n<p style=\"text-align: center;\">Um die Privatsph\u00e4re jedes Gastes zu respektieren, sind alle Zimmer zum Garten ausgerichtet und bieten eine angenehme und feine Atmosph\u00e4re.<\/p>\n<p style=\"text-align: center;\">Unsere Zimmer sind ausgestattet mit hochwertiger Bettw\u00e4sche, Leinenlaken und vielen Ablagefl\u00e4chen.<br \/>\nJedes Zimmer verf\u00fcgt \u00fcber ein gro\u00dfz\u00fcgiges Badezimmer mit ebenerdiger Dusche und Extra-WC.<\/p>\n<p style=\"text-align: center;\">Toilettenw\u00e4sche, Badem\u00e4ntel, Haartrockner und Duschgel stehen Ihnen zur Verf\u00fcgung.<\/p>\n<p style=\"text-align: center;\">Fernsehen \u2013 und WIFI &#8211; Unsere Zimmer sind Nichtraucherzimmer.<\/p>\n<p style=\"text-align: center;\">Bei Bedarf stellen wir auch gerne ein Babybett bereit.<\/p>\n<p>[\/vc_column_text][\/vc_column][\/vc_row]<\/p>\n","protected":false},"excerpt":{"rendered":"<p>[vc_row][vc_column][vc_column_text]TITRE ALLEMAND[\/vc_column_text][vc_column_text][INSERT_ELEMENTOR id=\"3066\"][\/vc_column_text][vc_separator color=\u00a0\u00bbcustom\u00a0\u00bb accent_color=\u00a0\u00bb#595959&Prime;][vc_column_text]<\/p>\n<p style=\"text-align: center;\">Um die Privatsph\u00e4re je&#8230;<\/p>\n","protected":false},"author":3,"featured_media":4683,"parent":0,"menu_order":0,"comment_status":"closed","ping_status":"closed","template":"","meta":[],"class_list":["post-1532","page","type-page","status-publish","has-post-thumbnail","hentry","description-off"],"yoast_head":"<!-- This site is optimized with the Yoast SEO plugin v26.8 - https:\/\/yoast.com\/product\/yoast-seo-wordpress\/ -->\n<title>Chambres d&#039;h\u00f4tes de charme proche de Collioure - Piscine &amp; jardin<\/title>\n<meta name=\"description\" content=\"5 chambres d&#039;h\u00f4tes de charme climatis\u00e9es, dont 1 suite familiale - Jardin et piscine Un lieu \u00e0 part o\u00f9 il fait bon vivre !\" \/>\n<meta name=\"robots\" content=\"index, follow, max-snippet:-1, max-image-preview:large, max-video-preview:-1\" \/>\n<link rel=\"canonical\" href=\"https:\/\/leclosdesaspres.fr\/chambres-dhotes-de-charmes-proche-de-collioure\/\" \/>\n<meta property=\"og:locale\" content=\"fr_FR\" \/>\n<meta property=\"og:type\" content=\"article\" \/>\n<meta property=\"og:title\" content=\"Chambres d&#039;h\u00f4tes de charme proche de Collioure - Piscine &amp; jardin\" \/>\n<meta property=\"og:description\" content=\"5 chambres d&#039;h\u00f4tes de charme climatis\u00e9es, dont 1 suite familiale - Jardin et piscine Un lieu \u00e0 part o\u00f9 il fait bon vivre !\" \/>\n<meta property=\"og:url\" content=\"https:\/\/leclosdesaspres.fr\/chambres-dhotes-de-charmes-proche-de-collioure\/\" \/>\n<meta property=\"og:site_name\" content=\"LE CLOS DES ASPRES\" \/>\n<meta property=\"article:publisher\" content=\"http:\/\/www.facebook.com\/CLOSDESASPRES\/\" \/>\n<meta property=\"article:modified_time\" content=\"2025-07-29T20:29:34+00:00\" \/>\n<meta property=\"og:image\" content=\"https:\/\/leclosdesaspres.fr\/wp-content\/uploads\/2023\/07\/piscine-clos-des-aspres-3.jpg\" \/>\n\t<meta property=\"og:image:width\" content=\"1280\" \/>\n\t<meta property=\"og:image:height\" content=\"960\" \/>\n\t<meta property=\"og:image:type\" content=\"image\/jpeg\" \/>\n<meta name=\"twitter:card\" content=\"summary_large_image\" \/>\n<meta name=\"twitter:label1\" content=\"Dur\u00e9e de lecture estim\u00e9e\" \/>\n\t<meta name=\"twitter:data1\" content=\"1 minute\" \/>\n<script type=\"application\/ld+json\" class=\"yoast-schema-graph\">{\"@context\":\"https:\/\/schema.org\",\"@graph\":[{\"@type\":\"WebPage\",\"@id\":\"https:\/\/leclosdesaspres.fr\/chambres-dhotes-de-charmes-proche-de-collioure\/\",\"url\":\"https:\/\/leclosdesaspres.fr\/chambres-dhotes-de-charmes-proche-de-collioure\/\",\"name\":\"Chambres d'h\u00f4tes de charme proche de Collioure - Piscine & jardin\",\"isPartOf\":{\"@id\":\"https:\/\/leclosdesaspres.fr\/#website\"},\"primaryImageOfPage\":{\"@id\":\"https:\/\/leclosdesaspres.fr\/chambres-dhotes-de-charmes-proche-de-collioure\/#primaryimage\"},\"image\":{\"@id\":\"https:\/\/leclosdesaspres.fr\/chambres-dhotes-de-charmes-proche-de-collioure\/#primaryimage\"},\"thumbnailUrl\":\"https:\/\/leclosdesaspres.fr\/wp-content\/uploads\/2023\/07\/piscine-clos-des-aspres-3.jpg\",\"datePublished\":\"2013-04-29T14:28:09+00:00\",\"dateModified\":\"2025-07-29T20:29:34+00:00\",\"description\":\"5 chambres d'h\u00f4tes de charme climatis\u00e9es, dont 1 suite familiale - Jardin et piscine Un lieu \u00e0 part o\u00f9 il fait bon vivre !\",\"breadcrumb\":{\"@id\":\"https:\/\/leclosdesaspres.fr\/chambres-dhotes-de-charmes-proche-de-collioure\/#breadcrumb\"},\"inLanguage\":\"fr-FR\",\"potentialAction\":[{\"@type\":\"ReadAction\",\"target\":[\"https:\/\/leclosdesaspres.fr\/chambres-dhotes-de-charmes-proche-de-collioure\/\"]}]},{\"@type\":\"ImageObject\",\"inLanguage\":\"fr-FR\",\"@id\":\"https:\/\/leclosdesaspres.fr\/chambres-dhotes-de-charmes-proche-de-collioure\/#primaryimage\",\"url\":\"https:\/\/leclosdesaspres.fr\/wp-content\/uploads\/2023\/07\/piscine-clos-des-aspres-3.jpg\",\"contentUrl\":\"https:\/\/leclosdesaspres.fr\/wp-content\/uploads\/2023\/07\/piscine-clos-des-aspres-3.jpg\",\"width\":1280,\"height\":960},{\"@type\":\"BreadcrumbList\",\"@id\":\"https:\/\/leclosdesaspres.fr\/chambres-dhotes-de-charmes-proche-de-collioure\/#breadcrumb\",\"itemListElement\":[{\"@type\":\"ListItem\",\"position\":1,\"name\":\"Accueil\",\"item\":\"https:\/\/leclosdesaspres.fr\/\"},{\"@type\":\"ListItem\",\"position\":2,\"name\":\"Chambres\"}]},{\"@type\":\"WebSite\",\"@id\":\"https:\/\/leclosdesaspres.fr\/#website\",\"url\":\"https:\/\/leclosdesaspres.fr\/\",\"name\":\"LE CLOS DES ASPRES\",\"description\":\"Maison d\u2019h\u00f4tes et gite de charme, proche de Collioure et Perpignan\",\"potentialAction\":[{\"@type\":\"SearchAction\",\"target\":{\"@type\":\"EntryPoint\",\"urlTemplate\":\"https:\/\/leclosdesaspres.fr\/?s={search_term_string}\"},\"query-input\":{\"@type\":\"PropertyValueSpecification\",\"valueRequired\":true,\"valueName\":\"search_term_string\"}}],\"inLanguage\":\"fr-FR\"}]}<\/script>\n<!-- \/ Yoast SEO plugin. -->","yoast_head_json":{"title":"Chambres d'h\u00f4tes de charme proche de Collioure - Piscine & jardin","description":"5 chambres d'h\u00f4tes de charme climatis\u00e9es, dont 1 suite familiale - Jardin et piscine Un lieu \u00e0 part o\u00f9 il fait bon vivre !","robots":{"index":"index","follow":"follow","max-snippet":"max-snippet:-1","max-image-preview":"max-image-preview:large","max-video-preview":"max-video-preview:-1"},"canonical":"https:\/\/leclosdesaspres.fr\/chambres-dhotes-de-charmes-proche-de-collioure\/","og_locale":"fr_FR","og_type":"article","og_title":"Chambres d'h\u00f4tes de charme proche de Collioure - Piscine & jardin","og_description":"5 chambres d'h\u00f4tes de charme climatis\u00e9es, dont 1 suite familiale - Jardin et piscine Un lieu \u00e0 part o\u00f9 il fait bon vivre !","og_url":"https:\/\/leclosdesaspres.fr\/chambres-dhotes-de-charmes-proche-de-collioure\/","og_site_name":"LE CLOS DES ASPRES","article_publisher":"http:\/\/www.facebook.com\/CLOSDESASPRES\/","article_modified_time":"2025-07-29T20:29:34+00:00","og_image":[{"width":1280,"height":960,"url":"https:\/\/leclosdesaspres.fr\/wp-content\/uploads\/2023\/07\/piscine-clos-des-aspres-3.jpg","type":"image\/jpeg"}],"twitter_card":"summary_large_image","twitter_misc":{"Dur\u00e9e de lecture estim\u00e9e":"1 minute"},"schema":{"@context":"https:\/\/schema.org","@graph":[{"@type":"WebPage","@id":"https:\/\/leclosdesaspres.fr\/chambres-dhotes-de-charmes-proche-de-collioure\/","url":"https:\/\/leclosdesaspres.fr\/chambres-dhotes-de-charmes-proche-de-collioure\/","name":"Chambres d'h\u00f4tes de charme proche de Collioure - Piscine & jardin","isPartOf":{"@id":"https:\/\/leclosdesaspres.fr\/#website"},"primaryImageOfPage":{"@id":"https:\/\/leclosdesaspres.fr\/chambres-dhotes-de-charmes-proche-de-collioure\/#primaryimage"},"image":{"@id":"https:\/\/leclosdesaspres.fr\/chambres-dhotes-de-charmes-proche-de-collioure\/#primaryimage"},"thumbnailUrl":"https:\/\/leclosdesaspres.fr\/wp-content\/uploads\/2023\/07\/piscine-clos-des-aspres-3.jpg","datePublished":"2013-04-29T14:28:09+00:00","dateModified":"2025-07-29T20:29:34+00:00","description":"5 chambres d'h\u00f4tes de charme climatis\u00e9es, dont 1 suite familiale - Jardin et piscine Un lieu \u00e0 part o\u00f9 il fait bon vivre !","breadcrumb":{"@id":"https:\/\/leclosdesaspres.fr\/chambres-dhotes-de-charmes-proche-de-collioure\/#breadcrumb"},"inLanguage":"fr-FR","potentialAction":[{"@type":"ReadAction","target":["https:\/\/leclosdesaspres.fr\/chambres-dhotes-de-charmes-proche-de-collioure\/"]}]},{"@type":"ImageObject","inLanguage":"fr-FR","@id":"https:\/\/leclosdesaspres.fr\/chambres-dhotes-de-charmes-proche-de-collioure\/#primaryimage","url":"https:\/\/leclosdesaspres.fr\/wp-content\/uploads\/2023\/07\/piscine-clos-des-aspres-3.jpg","contentUrl":"https:\/\/leclosdesaspres.fr\/wp-content\/uploads\/2023\/07\/piscine-clos-des-aspres-3.jpg","width":1280,"height":960},{"@type":"BreadcrumbList","@id":"https:\/\/leclosdesaspres.fr\/chambres-dhotes-de-charmes-proche-de-collioure\/#breadcrumb","itemListElement":[{"@type":"ListItem","position":1,"name":"Accueil","item":"https:\/\/leclosdesaspres.fr\/"},{"@type":"ListItem","position":2,"name":"Chambres"}]},{"@type":"WebSite","@id":"https:\/\/leclosdesaspres.fr\/#website","url":"https:\/\/leclosdesaspres.fr\/","name":"LE CLOS DES ASPRES","description":"Maison d\u2019h\u00f4tes et gite de charme, proche de Collioure et Perpignan","potentialAction":[{"@type":"SearchAction","target":{"@type":"EntryPoint","urlTemplate":"https:\/\/leclosdesaspres.fr\/?s={search_term_string}"},"query-input":{"@type":"PropertyValueSpecification","valueRequired":true,"valueName":"search_term_string"}}],"inLanguage":"fr-FR"}]}},"_links":{"self":[{"href":"https:\/\/leclosdesaspres.fr\/de_DE\/wp-json\/wp\/v2\/pages\/1532","targetHints":{"allow":["GET"]}}],"collection":[{"href":"https:\/\/leclosdesaspres.fr\/de_DE\/wp-json\/wp\/v2\/pages"}],"about":[{"href":"https:\/\/leclosdesaspres.fr\/de_DE\/wp-json\/wp\/v2\/types\/page"}],"author":[{"embeddable":true,"href":"https:\/\/leclosdesaspres.fr\/de_DE\/wp-json\/wp\/v2\/users\/3"}],"replies":[{"embeddable":true,"href":"https:\/\/leclosdesaspres.fr\/de_DE\/wp-json\/wp\/v2\/comments?post=1532"}],"version-history":[{"count":86,"href":"https:\/\/leclosdesaspres.fr\/de_DE\/wp-json\/wp\/v2\/pages\/1532\/revisions"}],"predecessor-version":[{"id":5187,"href":"https:\/\/leclosdesaspres.fr\/de_DE\/wp-json\/wp\/v2\/pages\/1532\/revisions\/5187"}],"wp:featuredmedia":[{"embeddable":true,"href":"https:\/\/leclosdesaspres.fr\/de_DE\/wp-json\/wp\/v2\/media\/4683"}],"wp:attachment":[{"href":"https:\/\/leclosdesaspres.fr\/de_DE\/wp-json\/wp\/v2\/media?parent=1532"}],"curies":[{"name":"wp","href":"https:\/\/api.w.org\/{rel}","templated":true}]}}