{"id":23,"date":"2013-04-29T16:28:52","date_gmt":"2013-04-29T14:28:52","guid":{"rendered":"http:\/\/leclosdesaspres.com\/?page_id=23"},"modified":"2026-02-01T19:43:27","modified_gmt":"2026-02-01T18:43:27","slug":"tarifs-et-reservation","status":"publish","type":"page","link":"https:\/\/leclosdesaspres.fr\/en_GB\/tarifs-et-reservation\/","title":{"rendered":"Fares and booking"},"content":{"rendered":"\t\t<div data-elementor-type=\"wp-page\" data-elementor-id=\"23\" class=\"elementor elementor-23\" data-elementor-post-type=\"page\">\n\t\t\t\t\t\t<section class=\"elementor-section elementor-top-section elementor-element elementor-element-2063305f elementor-section-boxed elementor-section-height-default elementor-section-height-default\" data-id=\"2063305f\" data-element_type=\"section\">\n\t\t\t\t\t\t<div class=\"elementor-container elementor-column-gap-default\">\n\t\t\t\t\t<div class=\"elementor-column elementor-col-100 elementor-top-column elementor-element elementor-element-6a26c3d1\" data-id=\"6a26c3d1\" data-element_type=\"column\">\n\t\t\t<div class=\"elementor-widget-wrap elementor-element-populated\">\n\t\t\t\t\t\t<div class=\"elementor-element elementor-element-1d7ab24c elementor-widget elementor-widget-text-editor\" data-id=\"1d7ab24c\" data-element_type=\"widget\" data-widget_type=\"text-editor.default\">\n\t\t\t\t<div class=\"elementor-widget-container\">\n\t\t\t\t\t\t\t\t\t<p>[vc_row][vc_column]<div class=\" ubtn-ctn-center \"><a class=\"ubtn-link ult-adjust-bottom-margin ubtn-center ubtn-normal \" href=\"https:\/\/via.eviivo.com\/LeClosdesAspres\" title=\"R\u00e9servation Clos des Aspres\" target=\"_blank\" rel=\"noopener\" ><button type=\"button\" id=\"ubtn-5938\"  class=\"ubtn ult-adjust-bottom-margin ult-responsive ubtn-normal ubtn-no-hover-bg  none  ubtn-center   tooltip-69d61c3df117f\"  data-hover=\"\" data-border-color=\"\" data-bg=\"#b22b01\" data-hover-bg=\"\" data-border-hover=\"\" data-shadow-hover=\"\" data-shadow-click=\"none\" data-shadow=\"\" data-shd-shadow=\"\"  data-ultimate-target='#ubtn-5938'  data-responsive-json-new='{\"font-size\":\"\",\"line-height\":\"\"}'  style=\"font-weight:normal;border:none;background: #b22b01;color: #ffffff;\"><span class=\"ubtn-hover\" style=\"background-color:\"><\/span><span class=\"ubtn-data ubtn-text \" >RESERVER<\/span><\/button><\/a><\/div>[\/vc_column][\/vc_row][vc_row][vc_column width=\u00a0\u00bb1\/2&Prime;][vc_column_text css=\u00a0\u00bb.vc_custom_1703239371695{background-color: #f2f2f2 !important;}\u00a0\u00bb]<\/p>\n<table class=\"tarif\" style=\"height: 191px;\" width=\"482\" cellspacing=\"0\" cellpadding=\"0\">\n<thead>\n<tr>\n<th style=\"text-align: center;\" width=\"202\">Tarifs 2026<br>Chambres d&rsquo;hotes<\/th>\n<th style=\"text-align: center;\" width=\"120\">Basse saison*<\/th>\n<th style=\"text-align: center;\" width=\"120\">Saison*<\/th>\n<th style=\"text-align: center;\" width=\"120\">Haute saison*<\/th>\n<th style=\"text-align: center;\" width=\"120\">Tr\u00e8s haute saison*<\/th>\n<\/tr>\n<\/thead>\n<tbody>\n<tr>\n<td style=\"text-align: center;\">Cot\u00e9 Cour<\/td>\n<td style=\"text-align: center;\" align=\"right\">110 \u20ac<\/td>\n<td style=\"text-align: center;\" align=\"right\">125 \u20ac<\/td>\n<td style=\"text-align: center;\" align=\"right\">140 \u20ac<\/td>\n<td style=\"text-align: center;\" align=\"right\">145 \u20ac<\/td>\n<\/tr>\n<tr>\n<td style=\"text-align: center;\">L&rsquo;Olivi\u00e8re<\/td>\n<td style=\"text-align: center;\" align=\"right\">110 \u20ac<\/td>\n<td style=\"text-align: center;\" align=\"right\">125 \u20ac<\/td>\n<td style=\"text-align: center;\" align=\"right\">140 \u20ac<\/td>\n<td style=\"text-align: center;\" align=\"right\">145 \u20ac<\/td>\n<\/tr>\n<tr>\n<td style=\"text-align: center;\">Les Alb\u00e8res<\/td>\n<td style=\"text-align: center;\" align=\"right\">110 \u20ac<\/td>\n<td style=\"text-align: center;\" align=\"right\">125 \u20ac<\/td>\n<td style=\"text-align: center;\" align=\"right\">140 \u20ac<\/td>\n<td style=\"text-align: center;\" align=\"right\">145 \u20ac<\/td>\n<\/tr>\n<tr>\n<td style=\"text-align: center;\">Les Camamilles<\/td>\n<td style=\"text-align: center;\" align=\"right\">160 \u20ac<\/td>\n<td style=\"text-align: center;\" align=\"right\">170 \u20ac<\/td>\n<td style=\"text-align: center;\" align=\"right\">190 \u20ac<\/td>\n<td style=\"text-align: center;\" align=\"right\">195 \u20ac<\/td>\n<\/tr>\n<tr>\n<td style=\"text-align: center;\">Petit Verdot<\/td>\n<td style=\"text-align: center;\" align=\"right\">90 \u20ac<\/td>\n<td style=\"text-align: center;\" align=\"right\">110 \u20ac<\/td>\n<td style=\"text-align: center;\" align=\"right\">130 \u20ac<\/td>\n<td style=\"text-align: center;\" align=\"right\">135 \u20ac<\/td>\n<\/tr>\n<\/tbody>\n<\/table>\n<p>Tarifs par nuit petit-d\u00e9jeuner inclus (hors taxes de s\u00e9jour), jusqu&rsquo;\u00e0 2 personnes et 4 personnes pour \u00ab\u00a0Les Camamilles\u00a0\u00bb.<br>Personne suppl\u00e9mentaire (\u00e0 partir de 3 ans) par nuit :<strong> 25 \u20ac<\/strong><\/p>\n<p><em>Possibilit\u00e9 de location maison enti\u00e8re. Capacit\u00e9: 14 personnes. Prix nous consulter.<\/em><\/p>\n<p><strong>*Saisonnalit\u00e9<\/strong><\/p>\n<p>Basse saison : du 05\/01 au 03\/04 et du 11\/11 au 17\/12<br>Saison :du 04\/04 au 31\/05 et du 26\/09 au 10\/11<br>Haute saison : du 01\/06 au 02\/07 et du 29\/08 au 25\/09, et du 19\/12 au 05\/01<br>Tr\u00e8s haute saison : du 04\/07 au 28\/08<\/p>\n<p>Vacances scolaires, WE de jours f\u00e9ri\u00e9s : 3 nuits minimum<\/p>\n<p><strong>Remises<\/strong><br>-5% de la 8\u00e8me \u00e0 la 14\u00e8me nuits<br>-10% de la 15\u00e8me nuit et au-del\u00e0[\/vc_column_text][\/vc_column][vc_column width=\u00a0\u00bb1\/2&Prime;][vc_column_text css=\u00a0\u00bb.vc_custom_1672931048783{background-color: #e5e5e5 !important;}\u00a0\u00bb]<\/p>\n<table style=\"height: 234px;\" width=\"489\" cellspacing=\"0\" cellpadding=\"0\">\n<thead>\n<tr>\n<th style=\"text-align: center;\" width=\"202\"><strong> &nbsp;Tarifs 2026<br>Gite du Clos<\/strong><\/th>\n<th style=\"text-align: center;\" width=\"166\">Nuit*<\/th>\n<th style=\"text-align: center;\" width=\"166\">Semaine<\/th>\n<\/tr>\n<\/thead>\n<tbody>\n<tr>\n<td style=\"text-align: center;\">05\/01 \u2192 03\/04<\/td>\n<td style=\"text-align: center;\" align=\"right\">280 \u20ac<\/td>\n<td style=\"text-align: center;\" align=\"right\">1650 \u20ac<\/td>\n<\/tr>\n<tr>\n<td style=\"text-align: center;\">04\/04 \u2192 31\/05<\/td>\n<td style=\"text-align: center;\" align=\"right\">320 \u20ac<\/td>\n<td style=\"text-align: center;\" align=\"right\">1920 \u20ac<\/td>\n<\/tr>\n<tr>\n<td style=\"text-align: center;\">01\/06 \u2192 25\/06<\/td>\n<td style=\"text-align: center;\" align=\"right\">400 \u20ac<\/td>\n<td style=\"text-align: center;\" align=\"right\">2400 \u20ac<\/td>\n<\/tr>\n<tr>\n<td style=\"text-align: center;\">26\/06 \u2192 02\/07<\/td>\n<td style=\"text-align: center;\" align=\"right\">450 \u20ac<\/td>\n<td style=\"text-align: center;\" align=\"right\">3000 \u20ac<\/td>\n<\/tr>\n<tr>\n<td style=\"text-align: center;\">03\/07 \u2192 27\/08<\/td>\n<td style=\"text-align: center;\" align=\"right\">&nbsp;&#8211;<\/td>\n<td style=\"text-align: center;\" align=\"right\">3800 \u20ac<\/td>\n<\/tr>\n<tr>\n<td style=\"text-align: center;\">28\/08 \u2192 24\/09<\/td>\n<td style=\"text-align: center;\" align=\"right\">450 \u20ac<\/td>\n<td style=\"text-align: center;\" align=\"right\">3000 \u20ac<\/td>\n<\/tr>\n<tr>\n<td style=\"text-align: center;\">25\/09 \u2192 10\/11<\/td>\n<td style=\"text-align: center;\" align=\"right\">320 \u20ac<\/td>\n<td style=\"text-align: center;\" align=\"right\">1920 \u20ac<\/td>\n<\/tr>\n<tr>\n<td style=\"text-align: center;\">11\/11 \u2192 17\/12<\/td>\n<td style=\"text-align: center;\" align=\"right\">280 \u20ac<\/td>\n<td style=\"text-align: center;\" align=\"right\">1650 \u20ac<\/td>\n<\/tr>\n<tr>\n<td style=\"text-align: center;\">18\/12 \u2192 05\/01<\/td>\n<td style=\"text-align: center;\" align=\"right\">400 \u20ac<\/td>\n<td style=\"text-align: center;\" align=\"right\">2400 \u20ac<\/td>\n<\/tr>\n<\/tbody>\n<\/table>\n<p><em>Tarifs (hors taxes de s\u00e9jour) Draps et linge de toilette, torchons inclus.<br>* 2 nuits minimum&nbsp;<br>* 3 nuits minimum vacances de No\u00ebl<\/em><\/p>\n<p><strong>Frais de m\u00e9nage :<\/strong> 150 \u20ac<\/p>\t\t\t\t\t\t\t\t<\/div>\n\t\t\t\t<\/div>\n\t\t\t\t\t<\/div>\n\t\t<\/div>\n\t\t\t\t\t<\/div>\n\t\t<\/section>\n\t\t\t\t<\/div>\n\t\t","protected":false},"excerpt":{"rendered":"<p>[vc_row][vc_column][vc_raw_html]JTVCSU5TRVJUX0VMRU1FTlRPUiUyMGlkJTNEJTIyNTAzNyUyMiU1RA==[\/vc_raw_html][\/vc_column][\/vc_row]&#8230;<\/p>\n","protected":false},"author":3,"featured_media":0,"parent":0,"menu_order":0,"comment_status":"closed","ping_status":"closed","template":"","meta":[],"class_list":["post-23","page","type-page","status-publish","hentry","description-off"],"yoast_head":"<!-- This site is optimized with the Yoast SEO plugin v26.8 - https:\/\/yoast.com\/product\/yoast-seo-wordpress\/ -->\n<title>Tarifs et r\u00e9servation Clos des Aspres - Maison d&#039;h\u00f4tes de Charme<\/title>\n<meta name=\"description\" content=\"R\u00e9servation en direct, meilleur tarif garanti. Clos des Aspres\" \/>\n<meta name=\"robots\" content=\"index, follow, max-snippet:-1, max-image-preview:large, max-video-preview:-1\" \/>\n<link rel=\"canonical\" href=\"https:\/\/leclosdesaspres.fr\/tarifs-et-reservation\/\" \/>\n<meta property=\"og:locale\" content=\"fr_FR\" \/>\n<meta property=\"og:type\" content=\"article\" \/>\n<meta property=\"og:title\" content=\"Tarifs et r\u00e9servation Clos des Aspres - Maison d&#039;h\u00f4tes de Charme\" \/>\n<meta property=\"og:description\" content=\"R\u00e9servation en direct, meilleur tarif garanti. Clos des Aspres\" \/>\n<meta property=\"og:url\" content=\"https:\/\/leclosdesaspres.fr\/tarifs-et-reservation\/\" \/>\n<meta property=\"og:site_name\" content=\"LE CLOS DES ASPRES\" \/>\n<meta property=\"article:publisher\" content=\"http:\/\/www.facebook.com\/CLOSDESASPRES\/\" \/>\n<meta property=\"article:modified_time\" content=\"2026-02-01T18:43:27+00:00\" \/>\n<meta name=\"twitter:card\" content=\"summary_large_image\" \/>\n<meta name=\"twitter:label1\" content=\"Dur\u00e9e de lecture estim\u00e9e\" \/>\n\t<meta name=\"twitter:data1\" content=\"2 minutes\" \/>\n<script type=\"application\/ld+json\" class=\"yoast-schema-graph\">{\"@context\":\"https:\/\/schema.org\",\"@graph\":[{\"@type\":\"WebPage\",\"@id\":\"https:\/\/leclosdesaspres.fr\/tarifs-et-reservation\/\",\"url\":\"https:\/\/leclosdesaspres.fr\/tarifs-et-reservation\/\",\"name\":\"Tarifs et r\u00e9servation Clos des Aspres - Maison d'h\u00f4tes de Charme\",\"isPartOf\":{\"@id\":\"https:\/\/leclosdesaspres.fr\/#website\"},\"datePublished\":\"2013-04-29T14:28:52+00:00\",\"dateModified\":\"2026-02-01T18:43:27+00:00\",\"description\":\"R\u00e9servation en direct, meilleur tarif garanti. Clos des Aspres\",\"breadcrumb\":{\"@id\":\"https:\/\/leclosdesaspres.fr\/tarifs-et-reservation\/#breadcrumb\"},\"inLanguage\":\"fr-FR\",\"potentialAction\":[{\"@type\":\"ReadAction\",\"target\":[\"https:\/\/leclosdesaspres.fr\/tarifs-et-reservation\/\"]}]},{\"@type\":\"BreadcrumbList\",\"@id\":\"https:\/\/leclosdesaspres.fr\/tarifs-et-reservation\/#breadcrumb\",\"itemListElement\":[{\"@type\":\"ListItem\",\"position\":1,\"name\":\"Accueil\",\"item\":\"https:\/\/leclosdesaspres.fr\/\"},{\"@type\":\"ListItem\",\"position\":2,\"name\":\"Tarifs & r\u00e9servation\"}]},{\"@type\":\"WebSite\",\"@id\":\"https:\/\/leclosdesaspres.fr\/#website\",\"url\":\"https:\/\/leclosdesaspres.fr\/\",\"name\":\"LE CLOS DES ASPRES\",\"description\":\"Maison d\u2019h\u00f4tes et gite de charme, proche de Collioure et Perpignan\",\"potentialAction\":[{\"@type\":\"SearchAction\",\"target\":{\"@type\":\"EntryPoint\",\"urlTemplate\":\"https:\/\/leclosdesaspres.fr\/?s={search_term_string}\"},\"query-input\":{\"@type\":\"PropertyValueSpecification\",\"valueRequired\":true,\"valueName\":\"search_term_string\"}}],\"inLanguage\":\"fr-FR\"}]}<\/script>\n<!-- \/ Yoast SEO plugin. -->","yoast_head_json":{"title":"Tarifs et r\u00e9servation Clos des Aspres - Maison d'h\u00f4tes de Charme","description":"R\u00e9servation en direct, meilleur tarif garanti. Clos des Aspres","robots":{"index":"index","follow":"follow","max-snippet":"max-snippet:-1","max-image-preview":"max-image-preview:large","max-video-preview":"max-video-preview:-1"},"canonical":"https:\/\/leclosdesaspres.fr\/tarifs-et-reservation\/","og_locale":"fr_FR","og_type":"article","og_title":"Tarifs et r\u00e9servation Clos des Aspres - Maison d'h\u00f4tes de Charme","og_description":"R\u00e9servation en direct, meilleur tarif garanti. Clos des Aspres","og_url":"https:\/\/leclosdesaspres.fr\/tarifs-et-reservation\/","og_site_name":"LE CLOS DES ASPRES","article_publisher":"http:\/\/www.facebook.com\/CLOSDESASPRES\/","article_modified_time":"2026-02-01T18:43:27+00:00","twitter_card":"summary_large_image","twitter_misc":{"Dur\u00e9e de lecture estim\u00e9e":"2 minutes"},"schema":{"@context":"https:\/\/schema.org","@graph":[{"@type":"WebPage","@id":"https:\/\/leclosdesaspres.fr\/tarifs-et-reservation\/","url":"https:\/\/leclosdesaspres.fr\/tarifs-et-reservation\/","name":"Tarifs et r\u00e9servation Clos des Aspres - Maison d'h\u00f4tes de Charme","isPartOf":{"@id":"https:\/\/leclosdesaspres.fr\/#website"},"datePublished":"2013-04-29T14:28:52+00:00","dateModified":"2026-02-01T18:43:27+00:00","description":"R\u00e9servation en direct, meilleur tarif garanti. Clos des Aspres","breadcrumb":{"@id":"https:\/\/leclosdesaspres.fr\/tarifs-et-reservation\/#breadcrumb"},"inLanguage":"fr-FR","potentialAction":[{"@type":"ReadAction","target":["https:\/\/leclosdesaspres.fr\/tarifs-et-reservation\/"]}]},{"@type":"BreadcrumbList","@id":"https:\/\/leclosdesaspres.fr\/tarifs-et-reservation\/#breadcrumb","itemListElement":[{"@type":"ListItem","position":1,"name":"Accueil","item":"https:\/\/leclosdesaspres.fr\/"},{"@type":"ListItem","position":2,"name":"Tarifs & r\u00e9servation"}]},{"@type":"WebSite","@id":"https:\/\/leclosdesaspres.fr\/#website","url":"https:\/\/leclosdesaspres.fr\/","name":"LE CLOS DES ASPRES","description":"Maison d\u2019h\u00f4tes et gite de charme, proche de Collioure et Perpignan","potentialAction":[{"@type":"SearchAction","target":{"@type":"EntryPoint","urlTemplate":"https:\/\/leclosdesaspres.fr\/?s={search_term_string}"},"query-input":{"@type":"PropertyValueSpecification","valueRequired":true,"valueName":"search_term_string"}}],"inLanguage":"fr-FR"}]}},"_links":{"self":[{"href":"https:\/\/leclosdesaspres.fr\/en_GB\/wp-json\/wp\/v2\/pages\/23","targetHints":{"allow":["GET"]}}],"collection":[{"href":"https:\/\/leclosdesaspres.fr\/en_GB\/wp-json\/wp\/v2\/pages"}],"about":[{"href":"https:\/\/leclosdesaspres.fr\/en_GB\/wp-json\/wp\/v2\/types\/page"}],"author":[{"embeddable":true,"href":"https:\/\/leclosdesaspres.fr\/en_GB\/wp-json\/wp\/v2\/users\/3"}],"replies":[{"embeddable":true,"href":"https:\/\/leclosdesaspres.fr\/en_GB\/wp-json\/wp\/v2\/comments?post=23"}],"version-history":[{"count":273,"href":"https:\/\/leclosdesaspres.fr\/en_GB\/wp-json\/wp\/v2\/pages\/23\/revisions"}],"predecessor-version":[{"id":5262,"href":"https:\/\/leclosdesaspres.fr\/en_GB\/wp-json\/wp\/v2\/pages\/23\/revisions\/5262"}],"wp:attachment":[{"href":"https:\/\/leclosdesaspres.fr\/en_GB\/wp-json\/wp\/v2\/media?parent=23"}],"curies":[{"name":"wp","href":"https:\/\/api.w.org\/{rel}","templated":true}]}}